{"id":48,"date":"2020-01-14T16:36:14","date_gmt":"2020-01-14T16:36:14","guid":{"rendered":"http:\/\/www.ferienwohnungen-gerti.at\/web\/?page_id=48"},"modified":"2025-01-11T19:53:06","modified_gmt":"2025-01-11T19:53:06","slug":"wohnung-b","status":"publish","type":"page","link":"https:\/\/www.ferienwohnungen-gerti.at\/web\/?page_id=48","title":{"rendered":"Wohnung B"},"content":{"rendered":"<!-- wp:themify-builder\/canvas \/-->","protected":false},"excerpt":{"rendered":"","protected":false},"author":1,"featured_media":0,"parent":0,"menu_order":3,"comment_status":"closed","ping_status":"closed","template":"","meta":{"footnotes":""},"class_list":["post-48","page","type-page","status-publish","hentry","has-post-title","has-post-date","has-post-category","has-post-tag","has-post-comment","has-post-author",""],"builder_content":"[gallery ids=\"177,176,119,120,118,117,156,168,121,132,114\"]\n<table border=\"0\" width=\"100%\" cellpadding=\"0\"> <tbody> <tr> <td><b>Ausstattung<\/b><\/td> <\/tr> <tr> <td>Die Ferienwohnung besteht aus: 1 Doppelzimmer, 1 Dreibettzimmer, 1 Wohnzimmer mit Couchgarnitur und<b> SAT-TV<\/b> (neuer Flachbildfernseher 40 Zoll), 1 Wohnk\u00fcche mit Esstisch (komplett eingerichtet - K\u00fchlschrank mit Gefrierfach, E-Herd, Geschirrsp\u00fcler, Kaffeemaschine, Toaster), Vorraum mit Garderobe, Bad mit Dusche und Bidet, WC (separat), Balkon (s\u00fcdseitig) mit Gartenm\u00f6bel. <b>WLAN<\/b>-Ben\u00fctzung gratis !!!!<\/td> <\/tr> <tr> <td> <p>Die Wohnung ist komplett mit Bett- und Tischw\u00e4sche, Dusch- und Handt\u00fcchern sowie Geschirr ausgestattet. Zentralheizung ist im Wohnungspreis inkludiert.<\/p> <\/td> <\/tr> <\/tbody> <\/table>\n<p><b>Wohnfl\u00e4che<\/b> ca. 75m\u00b2<\/p>\n<img src=\"https:\/\/ferienwohnungen-gerti.at\/web\/wp-content\/uploads\/2020\/01\/WohnungB.gif\" width=\"469\" height=\"218\" title=\"Wohnung B\" alt=\"Wohnung B\">\n<table border=\"0\" width=\"100%\" cellpadding=\"10\"> <tbody> <tr> <td><b>Preise<\/b><\/td> <\/tr> <tr> <td>Den Preis f\u00fcr die Wohnung entnehmen Sie bitte der <a href=\"http:\/\/ferienwohnungen-gerti.at\/web\/?page_id=58\">Preisliste<\/a><\/td> <\/tr> <tr> <td><b>Sonstiges<\/b><\/td> <\/tr> <tr> <td>Freie Strandben\u00fctzung am Klopeiner See und am Turnersee ist im Preis enthalten! Kinderhochstuhl wird auf Wunsch kostenlos beigestellt.<\/td> <\/tr> <\/tbody> <\/table>","_links":{"self":[{"href":"https:\/\/www.ferienwohnungen-gerti.at\/web\/index.php?rest_route=\/wp\/v2\/pages\/48","targetHints":{"allow":["GET"]}}],"collection":[{"href":"https:\/\/www.ferienwohnungen-gerti.at\/web\/index.php?rest_route=\/wp\/v2\/pages"}],"about":[{"href":"https:\/\/www.ferienwohnungen-gerti.at\/web\/index.php?rest_route=\/wp\/v2\/types\/page"}],"author":[{"embeddable":true,"href":"https:\/\/www.ferienwohnungen-gerti.at\/web\/index.php?rest_route=\/wp\/v2\/users\/1"}],"replies":[{"embeddable":true,"href":"https:\/\/www.ferienwohnungen-gerti.at\/web\/index.php?rest_route=%2Fwp%2Fv2%2Fcomments&post=48"}],"version-history":[{"count":17,"href":"https:\/\/www.ferienwohnungen-gerti.at\/web\/index.php?rest_route=\/wp\/v2\/pages\/48\/revisions"}],"predecessor-version":[{"id":207,"href":"https:\/\/www.ferienwohnungen-gerti.at\/web\/index.php?rest_route=\/wp\/v2\/pages\/48\/revisions\/207"}],"wp:attachment":[{"href":"https:\/\/www.ferienwohnungen-gerti.at\/web\/index.php?rest_route=%2Fwp%2Fv2%2Fmedia&parent=48"}],"curies":[{"name":"wp","href":"https:\/\/api.w.org\/{rel}","templated":true}]}}