{"id":32,"date":"2020-01-14T16:18:56","date_gmt":"2020-01-14T16:18:56","guid":{"rendered":"http:\/\/www.ferienwohnungen-gerti.at\/web\/?page_id=32"},"modified":"2025-01-11T19:48:00","modified_gmt":"2025-01-11T19:48:00","slug":"wohnung-a","status":"publish","type":"page","link":"https:\/\/www.ferienwohnungen-gerti.at\/web\/?page_id=32","title":{"rendered":"Wohnung A"},"content":{"rendered":"<!-- wp:themify-builder\/canvas \/--><!--themify_builder_static--><div id='gallery-1' class='gallery galleryid-32 gallery-columns-3 gallery-size-thumbnail'><figure class='gallery-item'>\n\t\t\t<div class='gallery-icon landscape'>\n\t\t\t\t<a href='https:\/\/www.ferienwohnungen-gerti.at\/web\/?attachment_id=158'><img loading=\"lazy\" decoding=\"async\" width=\"150\" height=\"150\" src=\"https:\/\/www.ferienwohnungen-gerti.at\/web\/wp-content\/uploads\/2020\/06\/Wohnzimmera2-150x150.jpg\" class=\"attachment-thumbnail size-thumbnail\" alt=\"\" aria-describedby=\"gallery-1-158\" \/><\/a>\n\t\t\t<\/div>\n\t\t\t\t<figcaption class='wp-caption-text gallery-caption' id='gallery-1-158'>\n\t\t\t\tWohnzimmer A\n\t\t\t\t<\/figcaption><\/figure><figure class='gallery-item'>\n\t\t\t<div class='gallery-icon landscape'>\n\t\t\t\t<a href='https:\/\/www.ferienwohnungen-gerti.at\/web\/?attachment_id=157'><img loading=\"lazy\" decoding=\"async\" width=\"150\" height=\"150\" src=\"https:\/\/www.ferienwohnungen-gerti.at\/web\/wp-content\/uploads\/2020\/06\/wohnzimmera1-150x150.jpg\" class=\"attachment-thumbnail size-thumbnail\" alt=\"\" aria-describedby=\"gallery-1-157\" \/><\/a>\n\t\t\t<\/div>\n\t\t\t\t<figcaption class='wp-caption-text gallery-caption' id='gallery-1-157'>\n\t\t\t\tWohnzimmer A\n\t\t\t\t<\/figcaption><\/figure><figure class='gallery-item'>\n\t\t\t<div class='gallery-icon landscape'>\n\t\t\t\t<a href='https:\/\/www.ferienwohnungen-gerti.at\/web\/?attachment_id=159'><img loading=\"lazy\" decoding=\"async\" width=\"150\" height=\"150\" src=\"https:\/\/www.ferienwohnungen-gerti.at\/web\/wp-content\/uploads\/2020\/06\/Wohnzimmera3-150x150.jpg\" class=\"attachment-thumbnail size-thumbnail\" alt=\"\" aria-describedby=\"gallery-1-159\" \/><\/a>\n\t\t\t<\/div>\n\t\t\t\t<figcaption class='wp-caption-text gallery-caption' id='gallery-1-159'>\n\t\t\t\tWohnzimmer A\n\t\t\t\t<\/figcaption><\/figure><figure class='gallery-item'>\n\t\t\t<div class='gallery-icon landscape'>\n\t\t\t\t<a href='https:\/\/www.ferienwohnungen-gerti.at\/web\/?attachment_id=181'><img loading=\"lazy\" decoding=\"async\" width=\"150\" height=\"150\" src=\"https:\/\/www.ferienwohnungen-gerti.at\/web\/wp-content\/uploads\/2021\/08\/DSC4901-150x150.jpg\" class=\"attachment-thumbnail size-thumbnail\" alt=\"\" aria-describedby=\"gallery-1-181\" \/><\/a>\n\t\t\t<\/div>\n\t\t\t\t<figcaption class='wp-caption-text gallery-caption' id='gallery-1-181'>\n\t\t\t\tSchlafzimmer A\n\t\t\t\t<\/figcaption><\/figure><figure class='gallery-item'>\n\t\t\t<div class='gallery-icon landscape'>\n\t\t\t\t<a href='https:\/\/www.ferienwohnungen-gerti.at\/web\/?attachment_id=116'><img loading=\"lazy\" decoding=\"async\" width=\"150\" height=\"150\" src=\"https:\/\/www.ferienwohnungen-gerti.at\/web\/wp-content\/uploads\/2020\/02\/kueche_a1-150x150.jpg\" class=\"attachment-thumbnail size-thumbnail\" alt=\"\" aria-describedby=\"gallery-1-116\" \/><\/a>\n\t\t\t<\/div>\n\t\t\t\t<figcaption class='wp-caption-text gallery-caption' id='gallery-1-116'>\n\t\t\t\tK\u00fcche A\n\t\t\t\t<\/figcaption><\/figure><figure class='gallery-item'>\n\t\t\t<div class='gallery-icon landscape'>\n\t\t\t\t<a href='https:\/\/www.ferienwohnungen-gerti.at\/web\/?attachment_id=115'><img loading=\"lazy\" decoding=\"async\" width=\"150\" height=\"150\" src=\"https:\/\/www.ferienwohnungen-gerti.at\/web\/wp-content\/uploads\/2020\/02\/kueche_a-150x150.jpg\" class=\"attachment-thumbnail size-thumbnail\" alt=\"\" aria-describedby=\"gallery-1-115\" \/><\/a>\n\t\t\t<\/div>\n\t\t\t\t<figcaption class='wp-caption-text gallery-caption' id='gallery-1-115'>\n\t\t\t\tK\u00fcche A\n\t\t\t\t<\/figcaption><\/figure><figure class='gallery-item'>\n\t\t\t<div class='gallery-icon portrait'>\n\t\t\t\t<a href='https:\/\/www.ferienwohnungen-gerti.at\/web\/?attachment_id=113'><img loading=\"lazy\" decoding=\"async\" width=\"150\" height=\"150\" src=\"https:\/\/www.ferienwohnungen-gerti.at\/web\/wp-content\/uploads\/2020\/02\/bad_a-150x150.jpg\" class=\"attachment-thumbnail size-thumbnail\" alt=\"\" aria-describedby=\"gallery-1-113\" \/><\/a>\n\t\t\t<\/div>\n\t\t\t\t<figcaption class='wp-caption-text gallery-caption' id='gallery-1-113'>\n\t\t\t\tBad\/WC A\n\t\t\t\t<\/figcaption><\/figure><figure class='gallery-item'>\n\t\t\t<div class='gallery-icon landscape'>\n\t\t\t\t<a href='https:\/\/www.ferienwohnungen-gerti.at\/web\/?attachment_id=152'><img loading=\"lazy\" decoding=\"async\" width=\"150\" height=\"150\" src=\"https:\/\/www.ferienwohnungen-gerti.at\/web\/wp-content\/uploads\/2020\/06\/BalkonA2-150x150.jpg\" class=\"attachment-thumbnail size-thumbnail\" alt=\"\" aria-describedby=\"gallery-1-152\" \/><\/a>\n\t\t\t<\/div>\n\t\t\t\t<figcaption class='wp-caption-text gallery-caption' id='gallery-1-152'>\n\t\t\t\tBalkon A\n\t\t\t\t<\/figcaption><\/figure>\n\t\t<\/div>\n\n<table border=\"0\" width=\"100%\" cellpadding=\"0\"> <tbody> <tr> <td><b>Ausstattung<\/b><\/td> <\/tr> <tr> <td>Die Ferienwohnung besteht aus: 1 Doppelzimmer, 1 Wohnzimmer mit Couchgarnitur, Esstisch und<b> SAT-TV<\/b> (neuer Flachbildfernseher 40 Zoll), 1 K\u00fcche mit Esstisch (komplett eingerichtet &#8211; K\u00fchlschrank mit Gefrierfach, E-Herd, Geschirrsp\u00fcler, Kaffeemaschine, Toaster), Vorraum mit Garderobe, Bad mit Dusche und WC, Balkon (s\u00fcd- und westseitig) mit Gartenm\u00f6bel. <b>WLAN<\/b>-Ben\u00fctzung gratis !!!!<\/td> <\/tr> <tr> <td> <p>Die Wohnung ist komplett mit Bett- und Tischw\u00e4sche, Dusch- und Handt\u00fcchern sowie Geschirr ausgestattet. Zentralheizung ist im Wohnungspreis inkludiert.<\/p> <\/td> <\/tr> <\/tbody> <\/table>\n<table border=\"0\" width=\"100%\"> <tbody> <tr> <td><b>Wohnfl\u00e4che<\/b><\/td> <\/tr> <tr> <td> <p>ca. 54m\u00b2<\/p> <\/td> <\/tr> <\/tbody> <\/table>\n<img decoding=\"async\" src=\"https:\/\/ferienwohnungen-gerti.at\/web\/wp-content\/uploads\/2020\/01\/WohnungA.gif\" alt=\"\" \/>\n<table border=\"0\" width=\"100%\" cellpadding=\"10\"> <tbody> <tr> <td><b>Preise<\/b><\/td> <\/tr> <tr> <td>Den Preis f\u00fcr die Wohnung entnehmen Sie bitte der <a href=\"http:\/\/ferienwohnungen-gerti.at\/web\/?page_id=58\">Preisliste<\/a><\/td> <\/tr> <tr> <td><b>Sonstiges<\/b><\/td> <\/tr> <tr> <td>Der Eintritt zu den Strandb\u00e4dern am Klopeiner See und am Turnersee ist im Preis enthalten! Kinderbett mit Bettzeug und Kinderhochstuhl werden auf Wunsch kostenlos beigestellt.<\/td> <\/tr> <\/tbody> <\/table><!--\/themify_builder_static-->","protected":false},"excerpt":{"rendered":"<p>Ausstattung Die Ferienwohnung besteht aus: 1 Doppelzimmer, 1 Wohnzimmer mit Couchgarnitur, Esstisch und SAT-TV (neuer Flachbildfernseher 40 Zoll), 1 K\u00fcche mit Esstisch (komplett eingerichtet &#8211; K\u00fchlschrank mit Gefrierfach, E-Herd, Geschirrsp\u00fcler, Kaffeemaschine, Toaster), Vorraum mit Garderobe, Bad mit Dusche und WC, Balkon (s\u00fcd- und westseitig) mit Gartenm\u00f6bel. WLAN-Ben\u00fctzung gratis !!!! Die Wohnung ist komplett mit Bett- [&hellip;]<\/p>\n","protected":false},"author":1,"featured_media":0,"parent":0,"menu_order":2,"comment_status":"closed","ping_status":"closed","template":"","meta":{"footnotes":""},"class_list":["post-32","page","type-page","status-publish","hentry","has-post-title","has-post-date","has-post-category","has-post-tag","has-post-comment","has-post-author",""],"builder_content":"[gallery ids=\"158,157,159,181,116,115,113,152\"]\n<table border=\"0\" width=\"100%\" cellpadding=\"0\"> <tbody> <tr> <td><b>Ausstattung<\/b><\/td> <\/tr> <tr> <td>Die Ferienwohnung besteht aus: 1 Doppelzimmer, 1 Wohnzimmer mit Couchgarnitur, Esstisch und<b> SAT-TV<\/b> (neuer Flachbildfernseher 40 Zoll), 1 K\u00fcche mit Esstisch (komplett eingerichtet - K\u00fchlschrank mit Gefrierfach, E-Herd, Geschirrsp\u00fcler, Kaffeemaschine, Toaster), Vorraum mit Garderobe, Bad mit Dusche und WC, Balkon (s\u00fcd- und westseitig) mit Gartenm\u00f6bel. <b>WLAN<\/b>-Ben\u00fctzung gratis !!!!<\/td> <\/tr> <tr> <td> <p>Die Wohnung ist komplett mit Bett- und Tischw\u00e4sche, Dusch- und Handt\u00fcchern sowie Geschirr ausgestattet. Zentralheizung ist im Wohnungspreis inkludiert.<\/p> <\/td> <\/tr> <\/tbody> <\/table>\n<table border=\"0\" width=\"100%\"> <tbody> <tr> <td><b>Wohnfl\u00e4che<\/b><\/td> <\/tr> <tr> <td> <p>ca. 54m\u00b2<\/p> <\/td> <\/tr> <\/tbody> <\/table>\n<img src=\"https:\/\/ferienwohnungen-gerti.at\/web\/wp-content\/uploads\/2020\/01\/WohnungA.gif\" width=\"343\" height=\"183\" title=\"Wohnung A\" alt=\"Wohnung A\">\n<table border=\"0\" width=\"100%\" cellpadding=\"10\"> <tbody> <tr> <td><b>Preise<\/b><\/td> <\/tr> <tr> <td>Den Preis f\u00fcr die Wohnung entnehmen Sie bitte der <a href=\"http:\/\/ferienwohnungen-gerti.at\/web\/?page_id=58\">Preisliste<\/a><\/td> <\/tr> <tr> <td><b>Sonstiges<\/b><\/td> <\/tr> <tr> <td>Der Eintritt zu den Strandb\u00e4dern am Klopeiner See und am Turnersee ist im Preis enthalten! Kinderbett mit Bettzeug und Kinderhochstuhl werden auf Wunsch kostenlos beigestellt.<\/td> <\/tr> <\/tbody> <\/table>","_links":{"self":[{"href":"https:\/\/www.ferienwohnungen-gerti.at\/web\/index.php?rest_route=\/wp\/v2\/pages\/32","targetHints":{"allow":["GET"]}}],"collection":[{"href":"https:\/\/www.ferienwohnungen-gerti.at\/web\/index.php?rest_route=\/wp\/v2\/pages"}],"about":[{"href":"https:\/\/www.ferienwohnungen-gerti.at\/web\/index.php?rest_route=\/wp\/v2\/types\/page"}],"author":[{"embeddable":true,"href":"https:\/\/www.ferienwohnungen-gerti.at\/web\/index.php?rest_route=\/wp\/v2\/users\/1"}],"replies":[{"embeddable":true,"href":"https:\/\/www.ferienwohnungen-gerti.at\/web\/index.php?rest_route=%2Fwp%2Fv2%2Fcomments&post=32"}],"version-history":[{"count":21,"href":"https:\/\/www.ferienwohnungen-gerti.at\/web\/index.php?rest_route=\/wp\/v2\/pages\/32\/revisions"}],"predecessor-version":[{"id":205,"href":"https:\/\/www.ferienwohnungen-gerti.at\/web\/index.php?rest_route=\/wp\/v2\/pages\/32\/revisions\/205"}],"wp:attachment":[{"href":"https:\/\/www.ferienwohnungen-gerti.at\/web\/index.php?rest_route=%2Fwp%2Fv2%2Fmedia&parent=32"}],"curies":[{"name":"wp","href":"https:\/\/api.w.org\/{rel}","templated":true}]}}